{"id":530,"date":"2025-03-26T23:21:11","date_gmt":"2025-03-26T23:21:11","guid":{"rendered":"https:\/\/phonelocker.marklanham.com\/?page_id=530"},"modified":"2026-01-16T14:00:32","modified_gmt":"2026-01-16T14:00:32","slug":"how-it-works","status":"publish","type":"page","link":"https:\/\/phonelocker.marklanham.com\/de\/how-it-works\/","title":{"rendered":"Wie es funktioniert"},"content":{"rendered":"<section\n  class=\"section section-multi-panel-block section--alt-grey\">\n  <div class=\"container\">\n    <div class=\"row\">\n\n      <!-- Title and Body Text -->\n      <div class=\"col-md-12 reveal active\" data-aos=\"fade-up\" data-aos-duration=\"1000\">\n        <div class=\"content\">\n          <div class=\"content__centered\">\n            <div class=\"multi-step-panel-block-title\">\n              <h2 class=\"text--center extra-margin\">\n                Verwendung unserer abschlie\u00dfbaren Handytasche              <\/h2>\n\n              <p>Die Phone Locker\u00ae Tasche ist zuverl\u00e4ssig, robust und einfach zu bedienen.<\/p>\n            <\/div>\n          <\/div>\n        <\/div>\n      <\/div>\n\n      <!-- Steps -->\n      \n          \n          \n                              \n          \n            <div class=\"col-lg-4 reveal active\" data-aos=\"fade-up\" data-aos-duration=\"1000\">\n              <div class=\"multi-step-panel-block-panel\">\n                <div class=\"multi-step-panel-block-step__img lazyload\"\n                  style=\"background-image:inherit\" data-bg-image=\"url(&#039;https:\/\/phonelocker.marklanham.com\/wp-content\/uploads\/2025\/07\/icon-insert-phone-150x150.png&#039;)\">\n                <\/div>\n\n                <div class=\"multi-step-panel-block-step__title\">\n                  <h3>INSERT<\/h3>\n                  <p>Legen Sie Ihr Telefon in die Tasche ein.<\/p>\n                <\/div>\n              <\/div>\n            <\/div>\n\n            \n          \n                              \n          \n            <div class=\"col-lg-4 reveal active\" data-aos=\"fade-up\" data-aos-duration=\"1000\">\n              <div class=\"multi-step-panel-block-panel\">\n                <div class=\"multi-step-panel-block-step__img lazyload\"\n                  style=\"background-image:inherit\" data-bg-image=\"url(&#039;https:\/\/phonelocker.marklanham.com\/wp-content\/uploads\/2025\/07\/icon-lock-phone-pouch-150x150.png&#039;)\">\n                <\/div>\n\n                <div class=\"multi-step-panel-block-step__title\">\n                  <h3>LOCK<\/h3>\n                  <p>Dr\u00fccken Sie den Stift in das Loch, um die Tasche zu verschlie\u00dfen.<\/p>\n                <\/div>\n              <\/div>\n            <\/div>\n\n            \n          \n                              \n          \n            <div class=\"col-lg-4 reveal active\" data-aos=\"fade-up\" data-aos-duration=\"1000\">\n              <div class=\"multi-step-panel-block-panel\">\n                <div class=\"multi-step-panel-block-step__img lazyload\"\n                  style=\"background-image:inherit\" data-bg-image=\"url(&#039;https:\/\/phonelocker.marklanham.com\/wp-content\/uploads\/2025\/07\/icon-unlock-phone-pouch-150x150.png&#039;)\">\n                <\/div>\n\n                <div class=\"multi-step-panel-block-step__title\">\n                  <h3>UNLOCK<\/h3>\n                  <p>Setzen Sie das Schloss zum Entriegeln in die N\u00e4he des Magnetfu\u00dfes.<\/p>\n                <\/div>\n              <\/div>\n            <\/div>\n\n            \n          \n          \n              <\/div>\n  <\/div>\n\n  <\/section>\n\n<section\n  class=\"section section-flexible-content-block\">\n  <div class=\"container\">\n    <div class=\"row\">\n      <div class=\"col-md-12 reveal active\" data-aos=\"fade-up\" data-aos-duration=\"1000\">\n        <div class=\"content\">\n          <div class=\"content__centered\">\n            <h3 style=\"text-align: center;\">See Phone Locker\u00ae in Action<\/h3>\n<div style=\"width: 1920px;\" class=\"wp-video\"><video class=\"wp-video-shortcode\" id=\"video-530-1\" width=\"1920\" height=\"1080\" preload=\"metadata\" controls=\"controls\"><source type=\"video\/mp4\" src=\"https:\/\/phonelocker.marklanham.com\/wp-content\/uploads\/2026\/01\/Meet-Phone-Locker-.mp4?_=1\" \/><a href=\"https:\/\/phonelocker.marklanham.com\/wp-content\/uploads\/2026\/01\/Meet-Phone-Locker-.mp4\">https:\/\/phonelocker.marklanham.com\/wp-content\/uploads\/2026\/01\/Meet-Phone-Locker-.mp4<\/a><\/video><\/div>\n          <\/div>\n        <\/div>\n      <\/div>\n\n          <\/div>\n  <\/div>\n<\/section>\n\n\n<section\n  class=\"section section-flexible-content-block flexible-content-block--no-padding\">\n  <div class=\"container-fluid\">\n    <div class=\"row\">\n      <div class=\"col-md-6 reveal active\" data-aos=\"fade-up\" data-aos-duration=\"1000\">\n        <div class=\"content\">\n          <div class=\"content__centered\">\n            <h3>Die Phone Locker\u00ae-Tasche<\/h3>\n<p>Phone Locker\u00ae ist eine einfache, sichere und bew\u00e4hrte L\u00f6sung zur Schaffung konzentrierter, telefonfreier Umgebungen ohne Konflikte oder Komplexit\u00e4t. Unsere patentierte Tasche h\u00e4lt die Ger\u00e4te sicher beim Nutzer und verhindert den Zugriff. Sie hilft Schulen, Arbeitspl\u00e4tzen, Veranstaltungen und sicheren Umgebungen, Ablenkungen zu reduzieren, die Privatsph\u00e4re zu sch\u00fctzen und das Wohlbefinden zu verbessern.<\/p>\n<p>Phone Locker\u00ae ist langlebig, leicht und einfach in der Anwendung und wird weltweit in verschiedenen Branchen zur Unterst\u00fctzung von besserem Verhalten, Lernen, Produktivit\u00e4t und Sicherheit eingesetzt.<\/p>\n<p><a href=\"https:\/\/phonelocker.marklanham.com\/de\/products\/phone-locker-pouch\/\">Entdecken Sie, wie es funktioniert, und erkunden Sie die gesamte Produktpalette \u2192<\/a><\/p>\n          <\/div>\n        <\/div>\n      <\/div>\n\n            <div class=\"col-md-6 flexible-content__image reveal active lazyload\"\n        style=\"background-image:inherit\" data-aos=\"fade-up\" data-aos-duration=\"1000\" data-bg-image=\"url(&#039;https:\/\/phonelocker.marklanham.com\/wp-content\/uploads\/2025\/06\/P1301661-scaled.jpg&#039;)\">\n      <\/div>\n          <\/div>\n  <\/div>\n<\/section>\n\n\n<div\n  class=\"section section-contact-us-block section--alt-color\">\n  <div class=\"container reveal active\" data-aos=\"fade-up\" data-aos-duration=\"1000\">\n    <div class=\"row\">\n      <div class=\"col-md-12\">\n        <h2 class=\"text--center\">Ansicht Taschen und Entriegelungssysteme<\/h2>\n        <p class=\"text--center\">Die Details, die Sie ben\u00f6tigen, um die f\u00fcr Sie richtige Entscheidung zu treffen.<\/p>\n      <\/div>\n\n      <div class=\"col-md-12 d-flex justify-content-center\">\n        <a href=\"https:\/\/phonelocker.marklanham.com\/de\/products\/lockable-phone-pouches\/\" class=\"btn btn-primary btn--lg\">\n          Ansicht Beutel        <\/a>\n      <\/div>\n    <\/div>\n  <\/div>\n<\/div>\n\n\n<section\n  class=\"section section-flexible-content-block flexible-content-block--no-padding\">\n  <div class=\"container-fluid\">\n    <div class=\"row\">\n      <div class=\"col-md-6 reveal active\" data-aos=\"fade-up\" data-aos-duration=\"1000\">\n        <div class=\"content\">\n          <div class=\"content__centered\">\n            <h3>Phone Locker\u00ae Unterst\u00fctzung und Standortplanung<\/h3>\n<p>Wenn Schulen, Unternehmen oder Veranstaltungsorganisatoren beschlie\u00dfen, die Handynutzung einzuschr\u00e4nken, ist die gr\u00f6\u00dfte Herausforderung nicht die Idee selbst, sondern die Umsetzung. Ma\u00dfnahmen auf dem Papier greifen oft zu kurz, wenn es keine praktische Umsetzung gibt.<\/p>\n<p>Wir wissen, dass jeder Standort und jeder Veranstaltungsort anders ist. Wir haben Erfahrung darin, Kunden bei der Implementierung des Phone Locker\u00ae Systems in einer Vielzahl von Umgebungen zu helfen, und k\u00f6nnen bei der Planung der Einf\u00fchrung helfen und bei der Einf\u00fchrung unterst\u00fctzend zur Seite stehen.<\/p>\n<p><a href=\"https:\/\/phonelocker.marklanham.com\/de\/school-site-planning\/\">Sehen Sie sich unser Verfahren f\u00fcr die Planung von Schulstandorten an\u2192<\/a><\/p>\n<p><a href=\"https:\/\/phonelocker.marklanham.com\/de\/event-site-planning\/\">Sehen Sie sich unseren Prozess f\u00fcr die Planung von Veranstaltungsorten an\u2192<\/a><\/p>\n          <\/div>\n        <\/div>\n      <\/div>\n\n            <div class=\"col-md-6 flexible-content__image reveal active lazyload\"\n        style=\"background-image:inherit\" data-aos=\"fade-up\" data-aos-duration=\"1000\" data-bg-image=\"url(&#039;https:\/\/phonelocker.marklanham.com\/wp-content\/uploads\/2022\/06\/CERCLE-EXPERIENCE-CDMX-5-scaled.jpg&#039;)\">\n      <\/div>\n          <\/div>\n  <\/div>\n<\/section>\n\n\n<div\n  class=\"section section-contact-us-block section--alt-color\">\n  <div class=\"container reveal active\" data-aos=\"fade-up\" data-aos-duration=\"1000\">\n    <div class=\"row\">\n      <div class=\"col-md-12\">\n        <h2 class=\"text--center\">Weg mit dem Telefon<\/h2>\n        <p class=\"text--center\">Klicken Sie unten, um eine kostenlose Vorf\u00fchrung unserer Beutel oder ein unverbindliches Angebot anzufordern.<\/p>\n      <\/div>\n\n      <div class=\"col-md-12 d-flex justify-content-center\">\n        <a href=\"https:\/\/phonelocker.marklanham.com\/de\/contact-us\/\" class=\"btn btn-primary btn--lg\">\n          Kontakt aufnehmen        <\/a>\n      <\/div>\n    <\/div>\n  <\/div>\n<\/div>","protected":false},"excerpt":{"rendered":"","protected":false},"author":2,"featured_media":1352,"parent":0,"menu_order":0,"comment_status":"closed","ping_status":"closed","template":"","meta":{"_acf_changed":false,"footnotes":""},"class_list":["post-530","page","type-page","status-publish","has-post-thumbnail","hentry"],"acf":[],"_links":{"self":[{"href":"https:\/\/phonelocker.marklanham.com\/de\/wp-json\/wp\/v2\/pages\/530","targetHints":{"allow":["GET"]}}],"collection":[{"href":"https:\/\/phonelocker.marklanham.com\/de\/wp-json\/wp\/v2\/pages"}],"about":[{"href":"https:\/\/phonelocker.marklanham.com\/de\/wp-json\/wp\/v2\/types\/page"}],"author":[{"embeddable":true,"href":"https:\/\/phonelocker.marklanham.com\/de\/wp-json\/wp\/v2\/users\/2"}],"replies":[{"embeddable":true,"href":"https:\/\/phonelocker.marklanham.com\/de\/wp-json\/wp\/v2\/comments?post=530"}],"version-history":[{"count":79,"href":"https:\/\/phonelocker.marklanham.com\/de\/wp-json\/wp\/v2\/pages\/530\/revisions"}],"predecessor-version":[{"id":2917,"href":"https:\/\/phonelocker.marklanham.com\/de\/wp-json\/wp\/v2\/pages\/530\/revisions\/2917"}],"wp:featuredmedia":[{"embeddable":true,"href":"https:\/\/phonelocker.marklanham.com\/de\/wp-json\/wp\/v2\/media\/1352"}],"wp:attachment":[{"href":"https:\/\/phonelocker.marklanham.com\/de\/wp-json\/wp\/v2\/media?parent=530"}],"curies":[{"name":"wp","href":"https:\/\/api.w.org\/{rel}","templated":true}]}}